{"id":944,"date":"2016-03-10T11:30:44","date_gmt":"2016-03-10T11:30:44","guid":{"rendered":"http:\/\/quanticalabs.com\/wptest\/renovate\/?page_id=937"},"modified":"2022-12-09T13:59:58","modified_gmt":"2022-12-09T12:59:58","slug":"nos-services","status":"publish","type":"page","link":"https:\/\/ivcconstruct.com\/index.php\/nos-services\/","title":{"rendered":"Nos services"},"content":{"rendered":"<section class=\"wpb-content-wrapper\"><p>[vc_row el_class=\u00a0\u00bbpadding-top-70&Prime;][vc_column]<ul class=\"services-list clearfix services-icons services-items-border\"><li class=\"vc_row wpb_row vc_row-fluid\"><ul><li><a href=\"https:\/\/ivcconstruct.com\/index.php\/services\/gros-oeuvre\/\" title=\"GROS OEUVRE\"><span class=\"service-icon sl-small-bricks\"><\/span><\/a><div class=\"service-content\"><h4 class=\"box-header\"><a href=\"https:\/\/ivcconstruct.com\/index.php\/services\/gros-oeuvre\/\" title=\"GROS OEUVRE\">GROS OEUVRE<\/a><\/h4><p>Le gros \u0153uvre est l&rsquo;ensemble des \u00e9l\u00e9ments de construction d&rsquo;un \u00e9difice.<\/p>\n<\/div><\/li><li><a href=\"https:\/\/ivcconstruct.com\/index.php\/services\/toiture-facade\/\" title=\"TOITURE &#038; FA\u00c7ADE\"><span class=\"service-icon sl-small-house-2\"><\/span><\/a><div class=\"service-content\"><h4 class=\"box-header\"><a href=\"https:\/\/ivcconstruct.com\/index.php\/services\/toiture-facade\/\" title=\"TOITURE &#038; FA\u00c7ADE\">TOITURE &#038; FA\u00c7ADE<\/a><\/h4><p>Nettoyage d\u00e9moussage hydrofuge couverture toit, peinture fa\u00e7ade, travaux ext\u00e9rieurs.<\/p>\n<\/div><\/li><\/ul><\/li><li class=\"vc_row wpb_row vc_row-fluid\"><ul><li><a href=\"https:\/\/ivcconstruct.com\/index.php\/services\/chassis-isolation\/\" title=\"CH\u00c2SSIS &#038; ISOLATION\"><span class=\"service-icon sl-small-house-1\"><\/span><\/a><div class=\"service-content\"><h4 class=\"box-header\"><a href=\"https:\/\/ivcconstruct.com\/index.php\/services\/chassis-isolation\/\" title=\"CH\u00c2SSIS &#038; ISOLATION\">CH\u00c2SSIS &#038; ISOLATION<\/a><\/h4><p>Les ch\u00e2ssis et le vitrage des fen\u00eatres participent activement \u00e0 la qualit\u00e9 de l&rsquo;isolation d&rsquo;une habitation<\/p>\n<\/div><\/li><li><a href=\"https:\/\/ivcconstruct.com\/index.php\/services\/electricite\/\" title=\"\u00c9LECTRICIT\u00c9\"><span class=\"service-icon sl-small-lightbulb\"><\/span><\/a><div class=\"service-content\"><h4 class=\"box-header\"><a href=\"https:\/\/ivcconstruct.com\/index.php\/services\/electricite\/\" title=\"\u00c9LECTRICIT\u00c9\">\u00c9LECTRICIT\u00c9<\/a><\/h4><p>Une bonne installation \u00e9lectrique est primordiale dans vos travaux de construction ou de r\u00e9novation<\/p>\n<\/div><\/li><\/ul><\/li><li class=\"vc_row wpb_row vc_row-fluid\"><ul><li><a href=\"https:\/\/ivcconstruct.com\/index.php\/services\/chauffage\/\" title=\"CHAUFFAGE\"><span class=\"service-icon sl-small-shield\"><\/span><\/a><div class=\"service-content\"><h4 class=\"box-header\"><a href=\"https:\/\/ivcconstruct.com\/index.php\/services\/chauffage\/\" title=\"CHAUFFAGE\">CHAUFFAGE<\/a><\/h4><p>Quel syst\u00e8me de chauffage choisir ? D\u00e9couvrez tout ce qu&rsquo;il faut savoir sur l&rsquo;installation<\/p>\n<\/div><\/li><li><a href=\"https:\/\/ivcconstruct.com\/index.php\/services\/finitions\/\" title=\"FINITIONS\"><span class=\"service-icon sl-small-stationery\"><\/span><\/a><div class=\"service-content\"><h4 class=\"box-header\"><a href=\"https:\/\/ivcconstruct.com\/index.php\/services\/finitions\/\" title=\"FINITIONS\">FINITIONS<\/a><\/h4><p>Le mot finition d\u00e9signe l&rsquo;action de finir en prenant soin des d\u00e9tails<\/p>\n<\/div><\/li><\/ul><\/li><\/ul>[\/vc_column][\/vc_row]<\/p>\n<\/section>","protected":false},"excerpt":{"rendered":"<p>[vc_row el_class=\u00a0\u00bbpadding-top-70&Prime;][vc_column][\/vc_column][\/vc_row]<\/p>\n","protected":false},"author":1,"featured_media":0,"parent":0,"menu_order":0,"comment_status":"closed","ping_status":"closed","template":"","meta":{"footnotes":""},"class_list":["post-944","page","type-page","status-publish","hentry"],"_links":{"self":[{"href":"https:\/\/ivcconstruct.com\/index.php\/wp-json\/wp\/v2\/pages\/944","targetHints":{"allow":["GET"]}}],"collection":[{"href":"https:\/\/ivcconstruct.com\/index.php\/wp-json\/wp\/v2\/pages"}],"about":[{"href":"https:\/\/ivcconstruct.com\/index.php\/wp-json\/wp\/v2\/types\/page"}],"author":[{"embeddable":true,"href":"https:\/\/ivcconstruct.com\/index.php\/wp-json\/wp\/v2\/users\/1"}],"replies":[{"embeddable":true,"href":"https:\/\/ivcconstruct.com\/index.php\/wp-json\/wp\/v2\/comments?post=944"}],"version-history":[{"count":4,"href":"https:\/\/ivcconstruct.com\/index.php\/wp-json\/wp\/v2\/pages\/944\/revisions"}],"predecessor-version":[{"id":1073,"href":"https:\/\/ivcconstruct.com\/index.php\/wp-json\/wp\/v2\/pages\/944\/revisions\/1073"}],"wp:attachment":[{"href":"https:\/\/ivcconstruct.com\/index.php\/wp-json\/wp\/v2\/media?parent=944"}],"curies":[{"name":"wp","href":"https:\/\/api.w.org\/{rel}","templated":true}]}}