{"id":203,"date":"2015-05-25T12:55:10","date_gmt":"2015-05-25T12:55:10","guid":{"rendered":"http:\/\/localhost\/wordpress\/renovate\/?page_id=203"},"modified":"2022-12-09T14:21:43","modified_gmt":"2022-12-09T13:21:43","slug":"about","status":"publish","type":"page","link":"https:\/\/ivcconstruct.com\/index.php\/about\/","title":{"rendered":"\u00c0 PROPOS"},"content":{"rendered":"<section class=\"wpb-content-wrapper\"><p>[vc_row el_class=\u00a0\u00bbmargin-top-70&Prime;][vc_column width=\u00a0\u00bb1\/2&Prime;][vc_single_image image=\u00a0\u00bb1075&Prime; img_size=\u00a0\u00bblarge-thumb\u00a0\u00bb alignment=\u00a0\u00bbcenter\u00a0\u00bb style=\u00a0\u00bbvc_box_circle_2&Prime;][\/vc_column][vc_column width=\u00a0\u00bb1\/2&Prime;]<h2 class=\"box-header align-left\">Qui sommes-nous ?<\/h2>[vc_column_text]<span class=\"HwtZe\" lang=\"fr\"><span class=\"jCAhz ChMk0b\"><span class=\"ryNqvb\">Fond\u00e9e par Ivan en 2012, IVC Construct s&rsquo;est impos\u00e9e comme fournisseurs de services de r\u00e9novation int\u00e9rieure et de construction ax\u00e9s sur la construction.<\/span><\/span> <span class=\"jCAhz ChMk0b\"><span class=\"ryNqvb\">Nous fournissons des services professionnels de r\u00e9novation et d&rsquo;installation avec un r\u00e9el souci de la satisfaction du client.<\/span><\/span> <span class=\"jCAhz ChMk0b\"><span class=\"ryNqvb\">Nos services de construction est une entreprise polyvalente sp\u00e9cialis\u00e9e dans les domaines suivants\u00a0:<\/span><\/span><\/span>[\/vc_column_text]<ul class=\"list margin-top-20\"><li class=\"template-bullet \"><span>Gros Oeuvres<\/span><\/li><li class=\"template-bullet \"><span>Toiture &amp; Isolation<\/span><\/li><li class=\"template-bullet \"><span>Ch\u00e2ssis &amp; Isolation<\/span><\/li><li class=\"template-bullet \"><span>\u00c9lectricit\u00e9<\/span><\/li><li class=\"template-bullet \"><span>Fintition<\/span><\/li><\/ul>[vc_row_inner el_class=\u00a0\u00bbpage-margin-top\u00a0\u00bb][vc_column_inner]<a class=\"more page-margin-top\" href=\"http:\/\/ivcconstruct.com\/index.php\/nos-services\/\" title=\"NOS SERVICES\">NOS SERVICES<\/a>[\/vc_column_inner][\/vc_row_inner][\/vc_column][\/vc_row][vc_row type=\u00a0\u00bbfull-width\u00a0\u00bb top_margin=\u00a0\u00bbpage-margin-top-section\u00a0\u00bb el_class=\u00a0\u00bbpadding-top-70 padding-bottom-66&Prime; css=\u00a0\u00bb.vc_custom_1432560043730{background-color: #f5f5f5 !important;}\u00a0\u00bb][vc_column][vc_row_inner][vc_column_inner width=\u00a0\u00bb1\/3&Prime;]<div class=\"feature-item sl-small-wrench\"><h4>MEILLEUR PRIX<\/h4><p><span class=\"HwtZe\" lang=\"fr\"><span class=\"jCAhz ChMk0b\"><span class=\"ryNqvb\">Nous combinons un travail de qualit\u00e9, des connaissances sup\u00e9rieures et des prix bas pour vous fournir un service in\u00e9gal\u00e9 par nos concurrents.<\/span><\/span><\/span><\/p><\/div>[\/vc_column_inner][vc_column_inner width=\u00a0\u00bb1\/3&Prime;]<div class=\"feature-item sl-small-measure\"><h4>GAGNER DU TEMPS<\/h4><p><span class=\"HwtZe\" lang=\"fr\"><span class=\"jCAhz ChMk0b\"><span class=\"ryNqvb\">Nous avons l&rsquo;exp\u00e9rience, le personnel et les ressources n\u00e9cessaires au bon d\u00e9roulement du projet.<\/span><\/span> <span class=\"jCAhz ChMk0b\"><span class=\"ryNqvb\">Nous pouvons nous assurer qu&rsquo;un travail est fait \u00e0 temps.<\/span><\/span><\/span><\/p><\/div>[\/vc_column_inner][vc_column_inner width=\u00a0\u00bb1\/3&Prime;]<div class=\"feature-item sl-small-bucket\"><h4>DANS LE BUDGET<\/h4><p><span class=\"HwtZe\" lang=\"fr\"><span class=\"jCAhz ChMk0b\"><span class=\"ryNqvb\">Travailler avec nous implique une s\u00e9rie d&rsquo;\u00e9tapes soigneusement planifi\u00e9es, centr\u00e9es sur un calendrier que nous respectons et une communication quotidienne.<\/span><\/span><\/span><\/p><\/div>[\/vc_column_inner][\/vc_row_inner][\/vc_column][\/vc_row][vc_row type=\u00a0\u00bbfull-width re-parallax\u00a0\u00bb css=\u00a0\u00bb.vc_custom_1432560522737{background-image: url(http:\/\/quanticalabs.com\/wptest\/renovate\/files\/2015\/05\/image_0211.jpg?id=223) !important;}\u00a0\u00bb el_class=\u00a0\u00bbpadding-top-70 padding-bottom-66&Prime;][vc_column]<h2 class=\"box-header\">Pourquoi nous choisir ?<\/h2>[vc_row_inner el_class=\u00a0\u00bbpage-margin-top\u00a0\u00bb][vc_column_inner width=\u00a0\u00bb1\/3&Prime;]<div class=\"feature-item sl-large-globe feature-item-big\"><div class=\"ornament\"><\/div><span class=\"number animated-element\" data-value=\"150\"><\/span><p>Nombre de clients satisfait<\/p><\/div>[\/vc_column_inner][vc_column_inner width=\u00a0\u00bb1\/3&Prime;]<div class=\"feature-item sl-large-house-2 feature-item-big\"><div class=\"ornament\"><\/div><span class=\"number animated-element\" data-value=\"135\"><\/span><p><span class=\"HwtZe\" lang=\"fr\"><span class=\"jCAhz ChMk0b\"><span class=\"ryNqvb\">Projets et investissements r\u00e9alis\u00e9s.<\/span><\/span><\/span><\/p><\/div>[\/vc_column_inner][vc_column_inner width=\u00a0\u00bb1\/3&Prime;]<div class=\"feature-item sl-large-briefcase feature-item-big\"><div class=\"ornament\"><\/div><span class=\"number animated-element\" data-value=\"8\"><\/span><p><span class=\"HwtZe\" lang=\"fr\"><span class=\"jCAhz ChMk0b\"><span class=\"ryNqvb\">Professionnels qualifi\u00e9s.<\/span><\/span><\/span><\/p><\/div>[\/vc_column_inner][\/vc_row_inner][\/vc_column][\/vc_row][vc_row top_margin=\u00a0\u00bbpage-margin-top-section\u00a0\u00bb][vc_column width=\u00a0\u00bb1\/2&Prime;]<h3 class=\"box-header\">NOTRE MISSION<\/h3>[vc_column_text]Nous avons comme objectif, de vous offrir les meilleurs services dans un rapport qualit\u00e9 et prix incontestable. Notre but est de r\u00e9aliser vos projets dans les meilleurs d\u00e9lais afin que vous soyez finalement satisfait.[\/vc_column_text][vc_column_text]Votre satisfaction sera toujours notre priorit\u00e9 ![\/vc_column_text][vc_row_inner el_class=\u00a0\u00bbpage-margin-top\u00a0\u00bb][vc_column_inner]<a class=\"more\" href=\"http:\/\/ivcconstruct.com\/index.php\/projects\/\" title=\"NOS PROJETS\">NOS PROJETS<\/a>[\/vc_column_inner][\/vc_row_inner][\/vc_column][vc_column width=\u00a0\u00bb1\/2&Prime;]<h3 class=\"box-header\">Questions courantes<\/h3>[vc_accordion el_class=\u00a0\u00bbmargin-top-40&Prime;][vc_accordion_tab title=\u00a0\u00bbPourquoi un projet de r\u00e9novation co\u00fbte-t-il si cher ?\u00a0\u00bb tab_id=\u00a0\u00bbrenovation-cost\u00a0\u00bb][vc_column_text]Malheureusement, la question que l&rsquo;on nous pose le plus souvent est le prix. Il faut savoir que le prix varie en fonction des mat\u00e9riaux que vous d\u00e9sirez. Les situations sociales \u00e9conomiques peuvent \u00e9galement faire varier le co\u00fbt de notre travail.[\/vc_column_text][\/vc_accordion_tab][vc_accordion_tab title=\u00a0\u00bbCombien de temps dure un projet ?\u00a0\u00bb tab_id=\u00a0\u00bbproject-timeline\u00a0\u00bb][vc_column_text]Le temps varie en fonction de la grandeur des travaux \u00e0 r\u00e9aliser. Celui-ci commence \u00e0 partir de la r\u00e9ception de l&rsquo;acompte. Une date sera fix\u00e9e apr\u00e8s la r\u00e9ception de celui-ci et notre \u00e9quipe se chargera de terminer votre projet. Il faut savoir que nous avons plusieurs \u00e9quipes. Pour chacun de nos clients, nous fixons les priorit\u00e9s n\u00e9cessaires afin de rentabiliser le temps.[\/vc_column_text][\/vc_accordion_tab][vc_accordion_tab title=\u00a0\u00bbQuel est le budget total pour la construction ?\u00a0\u00bb tab_id=\u00a0\u00bbconstruction-budget\u00a0\u00bb][vc_column_text]Le co\u00fbt total d&rsquo;un budget peut varier entre 2000 et 200 000\u20ac selon l&rsquo;ampleur du travail[\/vc_column_text][\/vc_accordion_tab][vc_accordion_tab title=\u00a0\u00bbComment est lanc\u00e9 le projet de r\u00e9novation ?\u00a0\u00bb tab_id=\u00a0\u00bbproject-initiation\u00a0\u00bb][vc_column_text]Une premi\u00e8re visite sera n\u00e9cessaire. Notre \u00e9quipe se charge de d\u00e9terminer les r\u00e9novations \u00e0 faire. Une \u00e9tude de faisabilit\u00e9 sera donc r\u00e9alis\u00e9e sur place. Apr\u00e8s cette visite. Nous expliquerons en d\u00e9tail les travaux n\u00e9cessaires \u00e0 faire. Si vous acceptez, un acompte sera demand\u00e9 et une date sera fix\u00e9e afin de commencer votre projet.[\/vc_column_text][\/vc_accordion_tab][\/vc_accordion][\/vc_column][\/vc_row]<\/p>\n<\/section>","protected":false},"excerpt":{"rendered":"<p>[vc_row el_class=\u00a0\u00bbmargin-top-70&Prime;][vc_column width=\u00a0\u00bb1\/2&Prime;][vc_single_image image=\u00a0\u00bb1075&Prime; img_size=\u00a0\u00bblarge-thumb\u00a0\u00bb alignment=\u00a0\u00bbcenter\u00a0\u00bb style=\u00a0\u00bbvc_box_circle_2&Prime;][\/vc_column][vc_column width=\u00a0\u00bb1\/2&Prime;][vc_column_text]Fond\u00e9e par Ivan en 2012, IVC Construct s&rsquo;est impos\u00e9e comme fournisseurs de services de r\u00e9novation int\u00e9rieure et de construction ax\u00e9s sur la construction. Nous fournissons des services professionnels de r\u00e9novation et d&rsquo;installation avec un r\u00e9el souci de la satisfaction du client. Nos services de construction est une entreprise<\/p>\n","protected":false},"author":1,"featured_media":0,"parent":0,"menu_order":0,"comment_status":"open","ping_status":"open","template":"","meta":{"footnotes":""},"class_list":["post-203","page","type-page","status-publish","hentry"],"_links":{"self":[{"href":"https:\/\/ivcconstruct.com\/index.php\/wp-json\/wp\/v2\/pages\/203","targetHints":{"allow":["GET"]}}],"collection":[{"href":"https:\/\/ivcconstruct.com\/index.php\/wp-json\/wp\/v2\/pages"}],"about":[{"href":"https:\/\/ivcconstruct.com\/index.php\/wp-json\/wp\/v2\/types\/page"}],"author":[{"embeddable":true,"href":"https:\/\/ivcconstruct.com\/index.php\/wp-json\/wp\/v2\/users\/1"}],"replies":[{"embeddable":true,"href":"https:\/\/ivcconstruct.com\/index.php\/wp-json\/wp\/v2\/comments?post=203"}],"version-history":[{"count":10,"href":"https:\/\/ivcconstruct.com\/index.php\/wp-json\/wp\/v2\/pages\/203\/revisions"}],"predecessor-version":[{"id":1080,"href":"https:\/\/ivcconstruct.com\/index.php\/wp-json\/wp\/v2\/pages\/203\/revisions\/1080"}],"wp:attachment":[{"href":"https:\/\/ivcconstruct.com\/index.php\/wp-json\/wp\/v2\/media?parent=203"}],"curies":[{"name":"wp","href":"https:\/\/api.w.org\/{rel}","templated":true}]}}